{"id":3304,"date":"2024-03-29T04:22:55","date_gmt":"2024-03-29T04:22:55","guid":{"rendered":"https:\/\/xml-io.proteusthemes.com\/buildpress-elementor\/?page_id=3304"},"modified":"2026-03-05T09:54:16","modified_gmt":"2026-03-05T09:54:16","slug":"front-page","status":"publish","type":"page","link":"https:\/\/www.implalab.pl\/","title":{"rendered":"Front Page"},"content":{"rendered":"\t\t<div data-elementor-type=\"wp-page\" data-elementor-id=\"3304\" class=\"elementor elementor-3304\">\n\t\t\t\t<div class=\"elementor-element elementor-element-9ab2d2c e-flex e-con-boxed e-con e-parent\" data-id=\"9ab2d2c\" data-element_type=\"container\" data-e-type=\"container\" data-settings=\"{&quot;background_background&quot;:&quot;classic&quot;}\">\n\t\t\t\t\t<div class=\"e-con-inner\">\n\t\t<div class=\"elementor-element elementor-element-4a6ae21 e-con-full e-flex e-con e-child\" data-id=\"4a6ae21\" data-element_type=\"container\" data-e-type=\"container\">\n\t\t\t\t<div class=\"elementor-element elementor-element-ee48cfa elementor-widget elementor-widget-spacer\" data-id=\"ee48cfa\" data-element_type=\"widget\" data-e-type=\"widget\" data-widget_type=\"spacer.default\">\n\t\t\t\t<div class=\"elementor-widget-container\">\n\t\t\t\t\t\t\t<div class=\"elementor-spacer\">\n\t\t\t<div class=\"elementor-spacer-inner\"><\/div>\n\t\t<\/div>\n\t\t\t\t\t\t<\/div>\n\t\t\t\t<\/div>\n\t\t\t\t<\/div>\n\t\t\t\t\t<\/div>\n\t\t\t\t<\/div>\n\t\t<div class=\"elementor-element elementor-element-f122a07 e-flex e-con-boxed e-con e-parent\" data-id=\"f122a07\" data-element_type=\"container\" data-e-type=\"container\" data-settings=\"{&quot;background_background&quot;:&quot;classic&quot;}\">\n\t\t\t\t\t<div class=\"e-con-inner\">\n\t\t<div class=\"elementor-element elementor-element-c644222 e-con-full e-flex e-con e-child\" data-id=\"c644222\" data-element_type=\"container\" data-e-type=\"container\">\n\t\t\t\t<div class=\"elementor-element elementor-element-5f57e25 elementor-widget elementor-widget-text-editor\" data-id=\"5f57e25\" data-element_type=\"widget\" data-e-type=\"widget\" data-widget_type=\"text-editor.default\">\n\t\t\t\t<div class=\"elementor-widget-container\">\n\t\t\t\t\t\t\t\t\t<div class=\"n2-ss-layer n2-ow @font-face { font-family: 'GT'; url('https:\/\/www.implalab.pl\/wp-content\/uploads\/2026\/01\/GT-Planar-Regular.woff') format('woff'); font-weight: normal; font-style: normal; } n-uc-jIO9bXvDGAQy\" data-pm=\"normal\" data-sstype=\"layer\"><h5 id=\"n2-ss-1item1\" class=\"n2-font-e97de733d54e13c73889fe869bc06dc7-hover n2-ss-item-content n2-ss-text n2-ow\"><span style=\"font-family: gt-planar-regular; color: #000000;\"><strong><span style=\"font-size: 36px;\">Laboratorium<\/span><\/strong><\/span><br \/><span style=\"font-family: gt-planar-regular; color: #000000;\"><strong><span style=\"font-size: 36px;\">ImplaLab<\/span><\/strong><\/span><\/h5><\/div><div class=\"n2-ss-layer n2-ow n-uc-m4SJi4AgnzYz\" data-pm=\"normal\" data-sstype=\"layer\"><div class=\"n2-ss-item-content n2-ss-text n2-ow-all\"><div class=\"\"><p class=\"n2-font-d7b1466ee4ff2f614ef039cd67022aed-paragraph \"><span style=\"font-family: gt-planar-light; color: #000000;\">Specjalizuj\u0105ce si\u0119 w rozwi\u0105zaniach implantoprotetycznych, a w szczeg\u00f3lno\u015bci rozwi\u0105zaniami typu All-on-X. Posiadamy w\u0142asne centrum frezowania Bionic-Abutment, co pozwala nam kompleksowo wspiera\u0107 Pa\u0144stwa od etapu szablonu po finaln\u0105 odbudow\u0119.<\/span><br \/><span style=\"font-family: gt-planar-light; color: #000000;\">Oferujemy komponenty, planowanie i pe\u0142ne wsparcie w jednym miejscu!<\/span><\/p><\/div><\/div><\/div>\t\t\t\t\t\t\t\t<\/div>\n\t\t\t\t<\/div>\n\t\t\t\t<\/div>\n\t\t<div class=\"elementor-element elementor-element-e167801 e-con-full e-flex e-con e-child\" data-id=\"e167801\" data-element_type=\"container\" data-e-type=\"container\">\n\t\t\t\t<\/div>\n\t\t\t\t\t<\/div>\n\t\t\t\t<\/div>\n\t\t<div class=\"elementor-element elementor-element-7c71876 e-flex e-con-boxed e-con e-parent\" data-id=\"7c71876\" data-element_type=\"container\" data-e-type=\"container\">\n\t\t\t\t\t<div class=\"e-con-inner\">\n\t\t<div class=\"elementor-element elementor-element-f86a88e e-con-full e-flex e-con e-child\" data-id=\"f86a88e\" data-element_type=\"container\" data-e-type=\"container\">\n\t\t\t\t<div class=\"elementor-element elementor-element-591447d elementor-widget elementor-widget-google_maps\" data-id=\"591447d\" data-element_type=\"widget\" data-e-type=\"widget\" data-widget_type=\"google_maps.default\">\n\t\t\t\t<div class=\"elementor-widget-container\">\n\t\t\t\t\t\t\t<div class=\"elementor-custom-embed\">\n\t\t\t<iframe loading=\"lazy\"\n\t\t\t\t\tsrc=\"https:\/\/maps.google.com\/maps?q=W%C5%82%C3%B3kiennicza%2084%20Warszawa&#038;t=m&#038;z=15&#038;output=embed&#038;iwloc=near\"\n\t\t\t\t\ttitle=\"W\u0142\u00f3kiennicza 84 Warszawa\"\n\t\t\t\t\taria-label=\"W\u0142\u00f3kiennicza 84 Warszawa\"\n\t\t\t><\/iframe>\n\t\t<\/div>\n\t\t\t\t\t\t<\/div>\n\t\t\t\t<\/div>\n\t\t\t\t<\/div>\n\t\t<div class=\"elementor-element elementor-element-db279ab e-con-full e-flex e-con e-child\" data-id=\"db279ab\" data-element_type=\"container\" data-e-type=\"container\">\n\t\t\t\t<div class=\"elementor-element elementor-element-365efbb elementor-widget-divider--view-line elementor-widget elementor-widget-divider\" data-id=\"365efbb\" data-element_type=\"widget\" data-e-type=\"widget\" data-widget_type=\"divider.default\">\n\t\t\t\t<div class=\"elementor-widget-container\">\n\t\t\t\t\t\t\t<div class=\"elementor-divider\">\n\t\t\t<span class=\"elementor-divider-separator\">\n\t\t\t\t\t\t<\/span>\n\t\t<\/div>\n\t\t\t\t\t\t<\/div>\n\t\t\t\t<\/div>\n\t\t\t\t<div class=\"elementor-element elementor-element-7e2c2ff elementor-widget elementor-widget-text-editor\" data-id=\"7e2c2ff\" data-element_type=\"widget\" data-e-type=\"widget\" data-widget_type=\"text-editor.default\">\n\t\t\t\t<div class=\"elementor-widget-container\">\n\t\t\t\t\t\t\t\t\t<p>Dostarczanie prac do ImplaLab:<\/p><ul><li><span style=\"font-family: gt-planar-light;\">Na terenie Warszawy i okolic prace odbieraj\u0105 kurierzy.<\/span><\/li><li><span style=\"font-family: gt-planar-light;\">Odbieranie i dostarczanie prac odbywa si\u0119 od godz. 10.00 do 18.00 (pn-pt).<\/span><\/li><li><span style=\"font-family: gt-planar-light;\">Gabinety z teren\u00f3w Polski prosimy o przesy\u0142anie prac na Nasz adres firm\u0105 kuriersk\u0105 lub Poczt\u0105 Polsk\u0105.<\/span><\/li><\/ul>\t\t\t\t\t\t\t\t<\/div>\n\t\t\t\t<\/div>\n\t\t\t\t<\/div>\n\t\t\t\t\t<\/div>\n\t\t\t\t<\/div>\n\t\t<div class=\"elementor-element elementor-element-ef7e044 e-flex e-con-boxed e-con e-parent\" data-id=\"ef7e044\" data-element_type=\"container\" data-e-type=\"container\">\n\t\t\t\t\t<div class=\"e-con-inner\">\n\t\t\t\t<div class=\"elementor-element elementor-element-6aadc1a elementor-widget elementor-widget-spacer\" data-id=\"6aadc1a\" data-element_type=\"widget\" data-e-type=\"widget\" data-widget_type=\"spacer.default\">\n\t\t\t\t<div class=\"elementor-widget-container\">\n\t\t\t\t\t\t\t<div class=\"elementor-spacer\">\n\t\t\t<div class=\"elementor-spacer-inner\"><\/div>\n\t\t<\/div>\n\t\t\t\t\t\t<\/div>\n\t\t\t\t<\/div>\n\t\t\t\t\t<\/div>\n\t\t\t\t<\/div>\n\t\t\t\t<\/div>\n\t\t","protected":false},"excerpt":{"rendered":"<p>LaboratoriumImplaLab Specjalizuj\u0105ce si\u0119 w rozwi\u0105zaniach implantoprotetycznych, a w szczeg\u00f3lno\u015bci rozwi\u0105zaniami typu All-on-X. Posiadamy w\u0142asne centrum frezowania Bionic-Abutment, co pozwala nam kompleksowo wspiera\u0107 Pa\u0144stwa od etapu szablonu po finaln\u0105 odbudow\u0119.Oferujemy komponenty, planowanie i pe\u0142ne wsparcie w jednym miejscu! Dostarczanie prac do ImplaLab: Na terenie Warszawy i okolic prace odbieraj\u0105 kurierzy. Odbieranie i dostarczanie prac odbywa si\u0119 &hellip;<\/p>\n","protected":false},"author":1,"featured_media":0,"parent":0,"menu_order":0,"comment_status":"closed","ping_status":"closed","template":"","meta":{"_acf_changed":false,"ngg_post_thumbnail":0,"footnotes":""},"class_list":["post-3304","page","type-page","status-publish","hentry"],"acf":[],"_links":{"self":[{"href":"https:\/\/www.implalab.pl\/index.php?rest_route=\/wp\/v2\/pages\/3304","targetHints":{"allow":["GET"]}}],"collection":[{"href":"https:\/\/www.implalab.pl\/index.php?rest_route=\/wp\/v2\/pages"}],"about":[{"href":"https:\/\/www.implalab.pl\/index.php?rest_route=\/wp\/v2\/types\/page"}],"author":[{"embeddable":true,"href":"https:\/\/www.implalab.pl\/index.php?rest_route=\/wp\/v2\/users\/1"}],"replies":[{"embeddable":true,"href":"https:\/\/www.implalab.pl\/index.php?rest_route=%2Fwp%2Fv2%2Fcomments&post=3304"}],"version-history":[{"count":153,"href":"https:\/\/www.implalab.pl\/index.php?rest_route=\/wp\/v2\/pages\/3304\/revisions"}],"predecessor-version":[{"id":8366,"href":"https:\/\/www.implalab.pl\/index.php?rest_route=\/wp\/v2\/pages\/3304\/revisions\/8366"}],"wp:attachment":[{"href":"https:\/\/www.implalab.pl\/index.php?rest_route=%2Fwp%2Fv2%2Fmedia&parent=3304"}],"curies":[{"name":"wp","href":"https:\/\/api.w.org\/{rel}","templated":true}]}}