{"id":6657,"date":"2025-04-01T10:22:12","date_gmt":"2025-04-01T10:22:12","guid":{"rendered":"https:\/\/www.implalab.pl\/?page_id=6657"},"modified":"2026-03-04T14:18:04","modified_gmt":"2026-03-04T14:18:04","slug":"galeria-2","status":"publish","type":"page","link":"https:\/\/www.implalab.pl\/?page_id=6657","title":{"rendered":"GALERIA"},"content":{"rendered":"\t\t<div data-elementor-type=\"wp-page\" data-elementor-id=\"6657\" class=\"elementor elementor-6657\">\n\t\t\t\t<div class=\"elementor-element elementor-element-d45907d e-flex e-con-boxed e-con e-parent\" data-id=\"d45907d\" data-element_type=\"container\" data-e-type=\"container\" data-settings=\"{&quot;background_background&quot;:&quot;classic&quot;}\">\n\t\t\t\t\t<div class=\"e-con-inner\">\n\t\t<div class=\"elementor-element elementor-element-ad88b34 e-con-full e-flex e-con e-child\" data-id=\"ad88b34\" data-element_type=\"container\" data-e-type=\"container\">\n\t\t\t\t<div class=\"elementor-element elementor-element-b25fe4c elementor-widget elementor-widget-spacer\" data-id=\"b25fe4c\" data-element_type=\"widget\" data-e-type=\"widget\" data-widget_type=\"spacer.default\">\n\t\t\t\t<div class=\"elementor-widget-container\">\n\t\t\t\t\t\t\t<div class=\"elementor-spacer\">\n\t\t\t<div class=\"elementor-spacer-inner\"><\/div>\n\t\t<\/div>\n\t\t\t\t\t\t<\/div>\n\t\t\t\t<\/div>\n\t\t\t\t<\/div>\n\t\t<div class=\"elementor-element elementor-element-28534a7 e-con-full e-flex e-con e-child\" data-id=\"28534a7\" data-element_type=\"container\" data-e-type=\"container\">\n\t\t\t\t<\/div>\n\t\t<div class=\"elementor-element elementor-element-46bad49 e-con-full e-flex e-con e-child\" data-id=\"46bad49\" data-element_type=\"container\" data-e-type=\"container\">\n\t\t\t\t<\/div>\n\t\t<div class=\"elementor-element elementor-element-031e053 e-con-full e-flex e-con e-child\" data-id=\"031e053\" data-element_type=\"container\" data-e-type=\"container\">\n\t\t\t\t<div class=\"elementor-element elementor-element-6b5916e elementor-widget elementor-widget-spacer\" data-id=\"6b5916e\" data-element_type=\"widget\" data-e-type=\"widget\" data-widget_type=\"spacer.default\">\n\t\t\t\t<div class=\"elementor-widget-container\">\n\t\t\t\t\t\t\t<div class=\"elementor-spacer\">\n\t\t\t<div class=\"elementor-spacer-inner\"><\/div>\n\t\t<\/div>\n\t\t\t\t\t\t<\/div>\n\t\t\t\t<\/div>\n\t\t\t\t<div class=\"elementor-element elementor-element-7871467 elementor-widget elementor-widget-text-editor\" data-id=\"7871467\" data-element_type=\"widget\" data-e-type=\"widget\" data-widget_type=\"text-editor.default\">\n\t\t\t\t<div class=\"elementor-widget-container\">\n\t\t\t\t\t\t\t\t\t<p><span style=\"font-family: gt-planar-medium; font-size: 36px; color: #000000;\">GALERIA<\/span><\/p>\t\t\t\t\t\t\t\t<\/div>\n\t\t\t\t<\/div>\n\t\t\t\t<\/div>\n\t\t\t\t\t<\/div>\n\t\t\t\t<\/div>\n\t\t<div class=\"elementor-element elementor-element-1f44dcda e-flex e-con-boxed e-con e-parent\" data-id=\"1f44dcda\" data-element_type=\"container\" data-e-type=\"container\">\n\t\t\t\t\t<div class=\"e-con-inner\">\n\t\t\t\t<div class=\"elementor-element elementor-element-65851e6 elementor-widget elementor-widget-heading\" data-id=\"65851e6\" data-element_type=\"widget\" data-e-type=\"widget\" data-widget_type=\"heading.default\">\n\t\t\t\t<div class=\"elementor-widget-container\">\n\t\t\t\t\t<h2 class=\"elementor-heading-title elementor-size-default\">Dodaj tu sw\u00f3j tekst nag\u0142\u00f3wka<\/h2>\t\t\t\t<\/div>\n\t\t\t\t<\/div>\n\t\t\t\t\t<\/div>\n\t\t\t\t<\/div>\n\t\t<div class=\"elementor-element elementor-element-258148b e-flex e-con-boxed e-con e-parent\" data-id=\"258148b\" data-element_type=\"container\" data-e-type=\"container\">\n\t\t\t\t\t<div class=\"e-con-inner\">\n\t\t<div class=\"elementor-element elementor-element-b9642ad e-con-full e-flex e-con e-child\" data-id=\"b9642ad\" data-element_type=\"container\" data-e-type=\"container\">\n\t\t\t\t<div class=\"elementor-element elementor-element-8bf8343 elementor-widget elementor-widget-image\" data-id=\"8bf8343\" data-element_type=\"widget\" data-e-type=\"widget\" data-widget_type=\"image.default\">\n\t\t\t\t<div class=\"elementor-widget-container\">\n\t\t\t\t\t\t\t\t\t\t\t\t\t\t\t<img fetchpriority=\"high\" decoding=\"async\" width=\"1024\" height=\"640\" src=\"https:\/\/www.implalab.pl\/wp-content\/uploads\/2025\/03\/na-przewijak-1024x640.jpeg\" class=\"attachment-large size-large wp-image-6601\" alt=\"\" srcset=\"https:\/\/www.implalab.pl\/wp-content\/uploads\/2025\/03\/na-przewijak-1024x640.jpeg 1024w, https:\/\/www.implalab.pl\/wp-content\/uploads\/2025\/03\/na-przewijak-300x187.jpeg 300w, https:\/\/www.implalab.pl\/wp-content\/uploads\/2025\/03\/na-przewijak-768x480.jpeg 768w, https:\/\/www.implalab.pl\/wp-content\/uploads\/2025\/03\/na-przewijak-1536x960.jpeg 1536w, https:\/\/www.implalab.pl\/wp-content\/uploads\/2025\/03\/na-przewijak-2048x1280.jpeg 2048w, https:\/\/www.implalab.pl\/wp-content\/uploads\/2025\/03\/na-przewijak-555x347.jpeg 555w, https:\/\/www.implalab.pl\/wp-content\/uploads\/2025\/03\/na-przewijak-600x375.jpeg 600w\" sizes=\"(max-width: 1024px) 100vw, 1024px\" \/>\t\t\t\t\t\t\t\t\t\t\t\t\t\t\t<\/div>\n\t\t\t\t<\/div>\n\t\t\t\t<\/div>\n\t\t<div class=\"elementor-element elementor-element-59c5a98 e-con-full e-flex e-con e-child\" data-id=\"59c5a98\" data-element_type=\"container\" data-e-type=\"container\">\n\t\t\t\t<div class=\"elementor-element elementor-element-b522c51 elementor-widget elementor-widget-image\" data-id=\"b522c51\" data-element_type=\"widget\" data-e-type=\"widget\" data-widget_type=\"image.default\">\n\t\t\t\t<div class=\"elementor-widget-container\">\n\t\t\t\t\t\t\t\t\t\t\t\t\t\t\t<img decoding=\"async\" width=\"1024\" height=\"513\" src=\"https:\/\/www.implalab.pl\/wp-content\/uploads\/2025\/08\/DSC_8003-1024x513.jpeg\" class=\"attachment-large size-large wp-image-7672\" alt=\"\" srcset=\"https:\/\/www.implalab.pl\/wp-content\/uploads\/2025\/08\/DSC_8003-1024x513.jpeg 1024w, https:\/\/www.implalab.pl\/wp-content\/uploads\/2025\/08\/DSC_8003-300x150.jpeg 300w, https:\/\/www.implalab.pl\/wp-content\/uploads\/2025\/08\/DSC_8003-768x385.jpeg 768w, https:\/\/www.implalab.pl\/wp-content\/uploads\/2025\/08\/DSC_8003-1536x769.jpeg 1536w, https:\/\/www.implalab.pl\/wp-content\/uploads\/2025\/08\/DSC_8003-2048x1026.jpeg 2048w, https:\/\/www.implalab.pl\/wp-content\/uploads\/2025\/08\/DSC_8003-555x278.jpeg 555w, https:\/\/www.implalab.pl\/wp-content\/uploads\/2025\/08\/DSC_8003-600x301.jpeg 600w\" sizes=\"(max-width: 1024px) 100vw, 1024px\" \/>\t\t\t\t\t\t\t\t\t\t\t\t\t\t\t<\/div>\n\t\t\t\t<\/div>\n\t\t\t\t<\/div>\n\t\t<div class=\"elementor-element elementor-element-108d3be e-con-full e-flex e-con e-child\" data-id=\"108d3be\" data-element_type=\"container\" data-e-type=\"container\">\n\t\t\t\t<div class=\"elementor-element elementor-element-7a7412a elementor-widget elementor-widget-image\" data-id=\"7a7412a\" data-element_type=\"widget\" data-e-type=\"widget\" data-widget_type=\"image.default\">\n\t\t\t\t<div class=\"elementor-widget-container\">\n\t\t\t\t\t\t\t\t\t\t\t\t\t\t\t<img decoding=\"async\" width=\"1024\" height=\"650\" src=\"https:\/\/www.implalab.pl\/wp-content\/uploads\/2025\/04\/DSC_9761-kopia-1024x650.jpeg\" class=\"attachment-large size-large wp-image-6851\" alt=\"\" srcset=\"https:\/\/www.implalab.pl\/wp-content\/uploads\/2025\/04\/DSC_9761-kopia-1024x650.jpeg 1024w, https:\/\/www.implalab.pl\/wp-content\/uploads\/2025\/04\/DSC_9761-kopia-300x191.jpeg 300w, https:\/\/www.implalab.pl\/wp-content\/uploads\/2025\/04\/DSC_9761-kopia-768x488.jpeg 768w, https:\/\/www.implalab.pl\/wp-content\/uploads\/2025\/04\/DSC_9761-kopia-1536x976.jpeg 1536w, https:\/\/www.implalab.pl\/wp-content\/uploads\/2025\/04\/DSC_9761-kopia-2048x1301.jpeg 2048w, https:\/\/www.implalab.pl\/wp-content\/uploads\/2025\/04\/DSC_9761-kopia-555x352.jpeg 555w, https:\/\/www.implalab.pl\/wp-content\/uploads\/2025\/04\/DSC_9761-kopia-600x381.jpeg 600w\" sizes=\"(max-width: 1024px) 100vw, 1024px\" \/>\t\t\t\t\t\t\t\t\t\t\t\t\t\t\t<\/div>\n\t\t\t\t<\/div>\n\t\t\t\t<\/div>\n\t\t<div class=\"elementor-element elementor-element-7898ee6 e-con-full e-flex e-con e-child\" data-id=\"7898ee6\" data-element_type=\"container\" data-e-type=\"container\">\n\t\t\t\t<div class=\"elementor-element elementor-element-853f195 elementor-widget elementor-widget-image\" data-id=\"853f195\" data-element_type=\"widget\" data-e-type=\"widget\" data-widget_type=\"image.default\">\n\t\t\t\t<div class=\"elementor-widget-container\">\n\t\t\t\t\t\t\t\t\t\t\t\t\t\t\t<img loading=\"lazy\" decoding=\"async\" width=\"1024\" height=\"652\" src=\"https:\/\/www.implalab.pl\/wp-content\/uploads\/2025\/08\/DSC_9722-1024x652.jpeg\" class=\"attachment-large size-large wp-image-7673\" alt=\"\" srcset=\"https:\/\/www.implalab.pl\/wp-content\/uploads\/2025\/08\/DSC_9722-1024x652.jpeg 1024w, https:\/\/www.implalab.pl\/wp-content\/uploads\/2025\/08\/DSC_9722-300x191.jpeg 300w, https:\/\/www.implalab.pl\/wp-content\/uploads\/2025\/08\/DSC_9722-768x489.jpeg 768w, https:\/\/www.implalab.pl\/wp-content\/uploads\/2025\/08\/DSC_9722-1536x978.jpeg 1536w, https:\/\/www.implalab.pl\/wp-content\/uploads\/2025\/08\/DSC_9722-2048x1304.jpeg 2048w, https:\/\/www.implalab.pl\/wp-content\/uploads\/2025\/08\/DSC_9722-555x353.jpeg 555w, https:\/\/www.implalab.pl\/wp-content\/uploads\/2025\/08\/DSC_9722-600x382.jpeg 600w\" sizes=\"(max-width: 1024px) 100vw, 1024px\" \/>\t\t\t\t\t\t\t\t\t\t\t\t\t\t\t<\/div>\n\t\t\t\t<\/div>\n\t\t\t\t<\/div>\n\t\t<div class=\"elementor-element elementor-element-8cd249c e-con-full e-flex e-con e-child\" data-id=\"8cd249c\" data-element_type=\"container\" data-e-type=\"container\">\n\t\t\t\t<div class=\"elementor-element elementor-element-df3b13f elementor-widget elementor-widget-image\" data-id=\"df3b13f\" data-element_type=\"widget\" data-e-type=\"widget\" data-widget_type=\"image.default\">\n\t\t\t\t<div class=\"elementor-widget-container\">\n\t\t\t\t\t\t\t\t\t\t\t\t\t\t\t<img loading=\"lazy\" decoding=\"async\" width=\"1024\" height=\"525\" src=\"https:\/\/www.implalab.pl\/wp-content\/uploads\/2025\/04\/DSC_9370-3-kopia-1024x525.jpeg\" class=\"attachment-large size-large wp-image-6849\" alt=\"\" srcset=\"https:\/\/www.implalab.pl\/wp-content\/uploads\/2025\/04\/DSC_9370-3-kopia-1024x525.jpeg 1024w, https:\/\/www.implalab.pl\/wp-content\/uploads\/2025\/04\/DSC_9370-3-kopia-300x154.jpeg 300w, https:\/\/www.implalab.pl\/wp-content\/uploads\/2025\/04\/DSC_9370-3-kopia-768x394.jpeg 768w, https:\/\/www.implalab.pl\/wp-content\/uploads\/2025\/04\/DSC_9370-3-kopia-1536x788.jpeg 1536w, https:\/\/www.implalab.pl\/wp-content\/uploads\/2025\/04\/DSC_9370-3-kopia-2048x1051.jpeg 2048w, https:\/\/www.implalab.pl\/wp-content\/uploads\/2025\/04\/DSC_9370-3-kopia-555x285.jpeg 555w, https:\/\/www.implalab.pl\/wp-content\/uploads\/2025\/04\/DSC_9370-3-kopia-600x308.jpeg 600w\" sizes=\"(max-width: 1024px) 100vw, 1024px\" \/>\t\t\t\t\t\t\t\t\t\t\t\t\t\t\t<\/div>\n\t\t\t\t<\/div>\n\t\t\t\t<\/div>\n\t\t\t\t\t<\/div>\n\t\t\t\t<\/div>\n\t\t\t\t<\/div>\n\t\t","protected":false},"excerpt":{"rendered":"<p>GALERIA Dodaj tu sw\u00f3j tekst nag\u0142\u00f3wka<\/p>\n","protected":false},"author":1,"featured_media":0,"parent":0,"menu_order":0,"comment_status":"closed","ping_status":"closed","template":"","meta":{"_acf_changed":false,"ngg_post_thumbnail":0,"footnotes":""},"class_list":["post-6657","page","type-page","status-publish","hentry"],"acf":[],"_links":{"self":[{"href":"https:\/\/www.implalab.pl\/index.php?rest_route=\/wp\/v2\/pages\/6657","targetHints":{"allow":["GET"]}}],"collection":[{"href":"https:\/\/www.implalab.pl\/index.php?rest_route=\/wp\/v2\/pages"}],"about":[{"href":"https:\/\/www.implalab.pl\/index.php?rest_route=\/wp\/v2\/types\/page"}],"author":[{"embeddable":true,"href":"https:\/\/www.implalab.pl\/index.php?rest_route=\/wp\/v2\/users\/1"}],"replies":[{"embeddable":true,"href":"https:\/\/www.implalab.pl\/index.php?rest_route=%2Fwp%2Fv2%2Fcomments&post=6657"}],"version-history":[{"count":76,"href":"https:\/\/www.implalab.pl\/index.php?rest_route=\/wp\/v2\/pages\/6657\/revisions"}],"predecessor-version":[{"id":8335,"href":"https:\/\/www.implalab.pl\/index.php?rest_route=\/wp\/v2\/pages\/6657\/revisions\/8335"}],"wp:attachment":[{"href":"https:\/\/www.implalab.pl\/index.php?rest_route=%2Fwp%2Fv2%2Fmedia&parent=6657"}],"curies":[{"name":"wp","href":"https:\/\/api.w.org\/{rel}","templated":true}]}}