{"id":6673,"date":"2025-03-31T12:30:39","date_gmt":"2025-03-31T12:30:39","guid":{"rendered":"https:\/\/www.implalab.pl\/?page_id=6673"},"modified":"2026-03-17T10:37:20","modified_gmt":"2026-03-17T10:37:20","slug":"wyciski-pod-korony-i-mosty","status":"publish","type":"page","link":"https:\/\/www.implalab.pl\/?page_id=6673","title":{"rendered":"Wyciski pod korony i mosty"},"content":{"rendered":"\t\t<div data-elementor-type=\"wp-page\" data-elementor-id=\"6673\" class=\"elementor elementor-6673\">\n\t\t\t\t<div class=\"elementor-element elementor-element-98e4ec1 e-flex e-con-boxed e-con e-parent\" data-id=\"98e4ec1\" data-element_type=\"container\" data-e-type=\"container\" data-settings=\"{&quot;background_background&quot;:&quot;classic&quot;}\">\n\t\t\t\t\t<div class=\"e-con-inner\">\n\t\t<div class=\"elementor-element elementor-element-c7690bf e-con-full e-flex e-con e-child\" data-id=\"c7690bf\" data-element_type=\"container\" data-e-type=\"container\">\n\t\t\t\t<div class=\"elementor-element elementor-element-55e1dc4 elementor-widget elementor-widget-spacer\" data-id=\"55e1dc4\" data-element_type=\"widget\" data-e-type=\"widget\" data-widget_type=\"spacer.default\">\n\t\t\t\t<div class=\"elementor-widget-container\">\n\t\t\t\t\t\t\t<div class=\"elementor-spacer\">\n\t\t\t<div class=\"elementor-spacer-inner\"><\/div>\n\t\t<\/div>\n\t\t\t\t\t\t<\/div>\n\t\t\t\t<\/div>\n\t\t\t\t<\/div>\n\t\t<div class=\"elementor-element elementor-element-e253385 e-con-full e-flex e-con e-child\" data-id=\"e253385\" data-element_type=\"container\" data-e-type=\"container\">\n\t\t\t\t<\/div>\n\t\t<div class=\"elementor-element elementor-element-96e82dd e-con-full e-flex e-con e-child\" data-id=\"96e82dd\" data-element_type=\"container\" data-e-type=\"container\">\n\t\t\t\t<\/div>\n\t\t<div class=\"elementor-element elementor-element-365c38f e-con-full e-flex e-con e-child\" data-id=\"365c38f\" data-element_type=\"container\" data-e-type=\"container\">\n\t\t\t\t<div class=\"elementor-element elementor-element-a3343c4 elementor-widget elementor-widget-spacer\" data-id=\"a3343c4\" data-element_type=\"widget\" data-e-type=\"widget\" data-widget_type=\"spacer.default\">\n\t\t\t\t<div class=\"elementor-widget-container\">\n\t\t\t\t\t\t\t<div class=\"elementor-spacer\">\n\t\t\t<div class=\"elementor-spacer-inner\"><\/div>\n\t\t<\/div>\n\t\t\t\t\t\t<\/div>\n\t\t\t\t<\/div>\n\t\t\t\t<div class=\"elementor-element elementor-element-da4d926 elementor-widget__width-initial elementor-widget elementor-widget-text-editor\" data-id=\"da4d926\" data-element_type=\"widget\" data-e-type=\"widget\" data-widget_type=\"text-editor.default\">\n\t\t\t\t<div class=\"elementor-widget-container\">\n\t\t\t\t\t\t\t\t\t<p><span style=\"font-family: gt-planar-medium; font-size: 36px; color: #000000;\">WYCISKI POD KORONY I MOSTY<\/span><\/p>\t\t\t\t\t\t\t\t<\/div>\n\t\t\t\t<\/div>\n\t\t\t\t<\/div>\n\t\t\t\t\t<\/div>\n\t\t\t\t<\/div>\n\t\t<div class=\"elementor-element elementor-element-4b7a315 e-flex e-con-boxed e-con e-parent\" data-id=\"4b7a315\" data-element_type=\"container\" data-e-type=\"container\">\n\t\t\t\t\t<div class=\"e-con-inner\">\n\t\t\t\t<div class=\"elementor-element elementor-element-9375e7d elementor-widget elementor-widget-heading\" data-id=\"9375e7d\" data-element_type=\"widget\" data-e-type=\"widget\" data-widget_type=\"heading.default\">\n\t\t\t\t<div class=\"elementor-widget-container\">\n\t\t\t\t\t<h2 class=\"elementor-heading-title elementor-size-default\">Dodaj tu sw\u00f3j tekst nag\u0142\u00f3wka<\/h2>\t\t\t\t<\/div>\n\t\t\t\t<\/div>\n\t\t\t\t<div class=\"elementor-element elementor-element-9e4f15a elementor-widget__width-initial elementor-widget elementor-widget-text-editor\" data-id=\"9e4f15a\" data-element_type=\"widget\" data-e-type=\"widget\" data-widget_type=\"text-editor.default\">\n\t\t\t\t<div class=\"elementor-widget-container\">\n\t\t\t\t\t\t\t\t\t<p data-start=\"363\" data-end=\"536\"><span style=\"font-family: gt-planar-light;\">\u00a0<\/span><\/p><p data-start=\"363\" data-end=\"536\"><span style=\"font-family: gt-planar-light;\">\u00a0<\/span><\/p><p data-start=\"363\" data-end=\"536\"><span style=\"font-family: gt-planar-light;\">Aby zapewni\u0107 najwy\u017csz\u0105 jako\u015b\u0107 i dok\u0142adno\u015b\u0107 wykonywanych prac protetycznych, zalecamy stosowanie mas silikonowych (A-silikon) do pobierania wycisk\u00f3w pod korony i mosty.<\/span><\/p><p data-start=\"363\" data-end=\"536\"><span style=\"font-family: gt-planar-light;\">\u00a0<\/span><\/p><p style=\"text-align: left;\" data-start=\"538\" data-end=\"567\"><span style=\"font-size: 18px; font-family: gt-planar-regular;\"><strong>Etapy wykonania wycisku<\/strong><br \/><br \/><\/span><\/p><ol data-start=\"569\" data-end=\"1412\"><li data-start=\"569\" data-end=\"755\"><p data-start=\"572\" data-end=\"755\"><span style=\"font-family: gt-planar-light;\"><strong data-start=\"572\" data-end=\"606\">Przygotowanie tkanek przyz\u0119bia<\/strong><\/span><br data-start=\"606\" data-end=\"609\" \/><span style=\"font-family: gt-planar-light;\">Nas\u0105cz nici retrakcyjne w retyscyplinie lub adrenalinie, a nast\u0119pnie umie\u015b\u0107 je w kieszonkach opracowanych filar\u00f3w na minimum 5 minut.<\/span><\/p><\/li><li data-start=\"760\" data-end=\"942\"><p data-start=\"763\" data-end=\"942\"><span style=\"font-family: gt-planar-light;\"><strong data-start=\"763\" data-end=\"795\">Przygotowanie pola i filar\u00f3w<\/strong><\/span><br data-start=\"795\" data-end=\"798\" \/><span style=\"font-family: gt-planar-light;\">W mi\u0119dzyczasie przygotuj pierwsz\u0105 warstw\u0119 masy silikonowej. Po up\u0142ywie czasu usu\u0144 nici retrakcyjne i osusz filary spr\u0119\u017conym powietrzem.<\/span><\/p><\/li><li data-start=\"944\" data-end=\"1110\"><p data-start=\"947\" data-end=\"1110\"><span style=\"font-family: gt-planar-light;\"><strong data-start=\"947\" data-end=\"980\">Przygotowanie masy wyciskowej<\/strong><\/span><br data-start=\"980\" data-end=\"983\" \/><span style=\"font-family: gt-planar-light;\">Wyciskaj pierwsz\u0105 porcj\u0119 silikonu precyzyjnego na p\u0142ytk\u0119 szklan\u0105, aby usun\u0105\u0107 niedomieszan\u0105 mas\u0119 z kaniuli mieszaj\u0105cej.<\/span><\/p><\/li><li data-start=\"1112\" data-end=\"1412\"><p data-start=\"1115\" data-end=\"1412\"><span style=\"font-family: gt-planar-light;\"><strong data-start=\"1115\" data-end=\"1135\">Pobranie wycisku<\/strong><\/span><br data-start=\"1135\" data-end=\"1138\" \/><span style=\"font-family: gt-planar-light;\">Za pomoc\u0105 mieszad\u0142a lub strzykawki nanie\u015b mas\u0119 precyzyjn\u0105 bezpo\u015brednio na opracowane filary, a nast\u0119pnie po\u0142\u0105cz j\u0105 z mas\u0105 wype\u0142niaj\u0105c\u0105 umieszczon\u0105 na \u0142y\u017cce wyciskowej.<\/span><br data-start=\"1316\" data-end=\"1319\" \/><span style=\"font-family: gt-planar-light;\">Wykonaj wycisk zachowuj\u0105c stabilne osadzenie \u0142y\u017cki i odpowiedni czas wi\u0105zania materia\u0142u.<\/span><\/p><\/li><\/ol><div><span style=\"font-family: gt-planar-light;\">\u00a0<\/span><\/div><div><span style=\"font-family: gt-planar-light;\">\u00a0<\/span><\/div><div>\u00a0<\/div><p data-start=\"1419\" data-end=\"1673\"><span style=\"font-family: gt-planar-light;\"><strong>Pobierz kart\u0119 zlecenia laboratoryjnego<\/strong><br \/>Aby przes\u0142a\u0107 nam tradycyjny wycisk, skorzystaj z naszej <strong data-start=\"1523\" data-end=\"1541\">karty zlecenia<\/strong> (do wydrukowania).<\/span><\/p><p data-start=\"1419\" data-end=\"1673\">\u00a0<\/p><p data-start=\"1419\" data-end=\"1673\"><span style=\"font-family: gt-planar-light;\">Znajdziesz j\u0105 tutaj: <span style=\"color: #ff0000;\">[<a style=\"color: #ff0000;\" href=\"https:\/\/www.implalab.pl\/wp-content\/uploads\/2026\/01\/ImplaKarta-strona.pdf\"><strong data-start=\"1585\" data-end=\"1619\">Pobierz zlecenie laboratoryjne<\/strong><\/a>]\u00a0<\/span><\/span><\/p>\t\t\t\t\t\t\t\t<\/div>\n\t\t\t\t<\/div>\n\t\t\t\t<div class=\"elementor-element elementor-element-eb9eeab elementor-widget elementor-widget-spacer\" data-id=\"eb9eeab\" data-element_type=\"widget\" data-e-type=\"widget\" data-widget_type=\"spacer.default\">\n\t\t\t\t<div class=\"elementor-widget-container\">\n\t\t\t\t\t\t\t<div class=\"elementor-spacer\">\n\t\t\t<div class=\"elementor-spacer-inner\"><\/div>\n\t\t<\/div>\n\t\t\t\t\t\t<\/div>\n\t\t\t\t<\/div>\n\t\t\t\t\t<\/div>\n\t\t\t\t<\/div>\n\t\t\t\t<\/div>\n\t\t","protected":false},"excerpt":{"rendered":"<p>WYCISKI POD KORONY I MOSTY Dodaj tu sw\u00f3j tekst nag\u0142\u00f3wka \u00a0 \u00a0 Aby zapewni\u0107 najwy\u017csz\u0105 jako\u015b\u0107 i dok\u0142adno\u015b\u0107 wykonywanych prac protetycznych, zalecamy stosowanie mas silikonowych (A-silikon) do pobierania wycisk\u00f3w pod korony i mosty. \u00a0 Etapy wykonania wycisku Przygotowanie tkanek przyz\u0119biaNas\u0105cz nici retrakcyjne w retyscyplinie lub adrenalinie, a nast\u0119pnie umie\u015b\u0107 je w kieszonkach opracowanych filar\u00f3w na &hellip;<\/p>\n","protected":false},"author":1,"featured_media":0,"parent":0,"menu_order":0,"comment_status":"closed","ping_status":"closed","template":"","meta":{"_acf_changed":false,"ngg_post_thumbnail":0,"footnotes":""},"class_list":["post-6673","page","type-page","status-publish","hentry"],"acf":[],"_links":{"self":[{"href":"https:\/\/www.implalab.pl\/index.php?rest_route=\/wp\/v2\/pages\/6673","targetHints":{"allow":["GET"]}}],"collection":[{"href":"https:\/\/www.implalab.pl\/index.php?rest_route=\/wp\/v2\/pages"}],"about":[{"href":"https:\/\/www.implalab.pl\/index.php?rest_route=\/wp\/v2\/types\/page"}],"author":[{"embeddable":true,"href":"https:\/\/www.implalab.pl\/index.php?rest_route=\/wp\/v2\/users\/1"}],"replies":[{"embeddable":true,"href":"https:\/\/www.implalab.pl\/index.php?rest_route=%2Fwp%2Fv2%2Fcomments&post=6673"}],"version-history":[{"count":45,"href":"https:\/\/www.implalab.pl\/index.php?rest_route=\/wp\/v2\/pages\/6673\/revisions"}],"predecessor-version":[{"id":8432,"href":"https:\/\/www.implalab.pl\/index.php?rest_route=\/wp\/v2\/pages\/6673\/revisions\/8432"}],"wp:attachment":[{"href":"https:\/\/www.implalab.pl\/index.php?rest_route=%2Fwp%2Fv2%2Fmedia&parent=6673"}],"curies":[{"name":"wp","href":"https:\/\/api.w.org\/{rel}","templated":true}]}}