{"id":6736,"date":"2025-03-31T13:18:55","date_gmt":"2025-03-31T13:18:55","guid":{"rendered":"https:\/\/www.implalab.pl\/?page_id=6736"},"modified":"2026-03-17T10:08:09","modified_gmt":"2026-03-17T10:08:09","slug":"oferta","status":"publish","type":"page","link":"https:\/\/www.implalab.pl\/?page_id=6736","title":{"rendered":"OFERTA"},"content":{"rendered":"\t\t<div data-elementor-type=\"wp-page\" data-elementor-id=\"6736\" class=\"elementor elementor-6736\">\n\t\t\t\t<div class=\"elementor-element elementor-element-1b0045d e-flex e-con-boxed e-con e-parent\" data-id=\"1b0045d\" data-element_type=\"container\" data-e-type=\"container\" data-settings=\"{&quot;background_background&quot;:&quot;classic&quot;}\">\n\t\t\t\t\t<div class=\"e-con-inner\">\n\t\t\t\t<div class=\"elementor-element elementor-element-77fa0cf elementor-widget-divider--view-line elementor-widget elementor-widget-divider\" data-id=\"77fa0cf\" data-element_type=\"widget\" data-e-type=\"widget\" data-widget_type=\"divider.default\">\n\t\t\t\t<div class=\"elementor-widget-container\">\n\t\t\t\t\t\t\t<div class=\"elementor-divider\">\n\t\t\t<span class=\"elementor-divider-separator\">\n\t\t\t\t\t\t<\/span>\n\t\t<\/div>\n\t\t\t\t\t\t<\/div>\n\t\t\t\t<\/div>\n\t\t<div class=\"elementor-element elementor-element-f5e4641 e-con-full e-flex e-con e-child\" data-id=\"f5e4641\" data-element_type=\"container\" data-e-type=\"container\" data-settings=\"{&quot;background_background&quot;:&quot;classic&quot;}\">\n\t\t<div class=\"elementor-element elementor-element-4c7e092 e-con-full e-flex e-con e-child\" data-id=\"4c7e092\" data-element_type=\"container\" data-e-type=\"container\">\n\t\t\t\t<div class=\"elementor-element elementor-element-46f0e72 elementor-widget elementor-widget-spacer\" data-id=\"46f0e72\" data-element_type=\"widget\" data-e-type=\"widget\" data-widget_type=\"spacer.default\">\n\t\t\t\t<div class=\"elementor-widget-container\">\n\t\t\t\t\t\t\t<div class=\"elementor-spacer\">\n\t\t\t<div class=\"elementor-spacer-inner\"><\/div>\n\t\t<\/div>\n\t\t\t\t\t\t<\/div>\n\t\t\t\t<\/div>\n\t\t\t\t<\/div>\n\t\t<div class=\"elementor-element elementor-element-370417a e-con-full e-flex e-con e-child\" data-id=\"370417a\" data-element_type=\"container\" data-e-type=\"container\">\n\t\t\t\t<\/div>\n\t\t<div class=\"elementor-element elementor-element-eb077be e-con-full e-flex e-con e-child\" data-id=\"eb077be\" data-element_type=\"container\" data-e-type=\"container\">\n\t\t\t\t<\/div>\n\t\t<div class=\"elementor-element elementor-element-e91c9e3 e-con-full e-flex e-con e-child\" data-id=\"e91c9e3\" data-element_type=\"container\" data-e-type=\"container\">\n\t\t\t\t<div class=\"elementor-element elementor-element-5e41fcc elementor-widget elementor-widget-spacer\" data-id=\"5e41fcc\" data-element_type=\"widget\" data-e-type=\"widget\" data-widget_type=\"spacer.default\">\n\t\t\t\t<div class=\"elementor-widget-container\">\n\t\t\t\t\t\t\t<div class=\"elementor-spacer\">\n\t\t\t<div class=\"elementor-spacer-inner\"><\/div>\n\t\t<\/div>\n\t\t\t\t\t\t<\/div>\n\t\t\t\t<\/div>\n\t\t\t\t<div class=\"elementor-element elementor-element-71d49e0 elementor-widget elementor-widget-text-editor\" data-id=\"71d49e0\" data-element_type=\"widget\" data-e-type=\"widget\" data-widget_type=\"text-editor.default\">\n\t\t\t\t<div class=\"elementor-widget-container\">\n\t\t\t\t\t\t\t\t\t<p><span style=\"font-family: gt-planar-medium; font-size: 36px; color: #000000;\">OFERTA<\/span><\/p>\t\t\t\t\t\t\t\t<\/div>\n\t\t\t\t<\/div>\n\t\t\t\t<\/div>\n\t\t\t\t<\/div>\n\t\t\t\t\t<\/div>\n\t\t\t\t<\/div>\n\t\t<div class=\"elementor-element elementor-element-eed4b31 e-flex e-con-boxed e-con e-parent\" data-id=\"eed4b31\" data-element_type=\"container\" data-e-type=\"container\">\n\t\t\t\t\t<div class=\"e-con-inner\">\n\t\t\t\t<div class=\"elementor-element elementor-element-72d2212 elementor-widget elementor-widget-spacer\" data-id=\"72d2212\" data-element_type=\"widget\" data-e-type=\"widget\" data-widget_type=\"spacer.default\">\n\t\t\t\t<div class=\"elementor-widget-container\">\n\t\t\t\t\t\t\t<div class=\"elementor-spacer\">\n\t\t\t<div class=\"elementor-spacer-inner\"><\/div>\n\t\t<\/div>\n\t\t\t\t\t\t<\/div>\n\t\t\t\t<\/div>\n\t\t\t\t<div class=\"elementor-element elementor-element-096511f elementor-widget__width-initial elementor-widget elementor-widget-text-editor\" data-id=\"096511f\" data-element_type=\"widget\" data-e-type=\"widget\" data-widget_type=\"text-editor.default\">\n\t\t\t\t<div class=\"elementor-widget-container\">\n\t\t\t\t\t\t\t\t\t<p style=\"text-align: left;\" data-start=\"265\" data-end=\"334\"><strong><span style=\"font-size: 18px; font-family: gt-planar-regular;\">ImplaLab<br \/>Laboratorium Implantologiczne dla Profesjonalist\u00f3w<br \/><\/span><\/strong><span style=\"font-family: gt-planar-light;\"><br \/>W ImplaLab specjalizujemy si\u0119 w zaawansowanych rozwi\u0105zaniach implantoprotetycznych, oferuj\u0105c kompleksowe wsparcie na ka\u017cdym etapie \u2013 od planowania cyfrowego po finaln\u0105 odbudow\u0119. Nasze dzia\u0142ania skupiaj\u0105 si\u0119 na maksymalnej precyzji, stabilno\u015bci i estetyce, kt\u00f3re gwarantuj\u0105 przewidywalne efekty kliniczne.<\/span><\/p><p data-start=\"265\" data-end=\"334\">\u00a0<\/p><p style=\"text-align: left;\" data-start=\"265\" data-end=\"334\"><strong><span style=\"font-size: 18px; font-family: gt-planar-regular;\">Kompetencje i specjalizacja<br \/><br \/><\/span><\/strong><span style=\"font-family: gt-planar-light;\">Nasze laboratorium koncentruje si\u0119 na rekonstrukcjach typu <strong data-start=\"766\" data-end=\"778\">All-on-X<\/strong>, oraz indywidualnie projektowanych konstrukcjach wielopunktowych. Realizujemy prace w przypadkach o wysokim stopniu trudno\u015bci, wspieraj\u0105c lekarzy w planowaniu, projektowaniu i wdra\u017caniu kompleksowych protoko\u0142\u00f3w leczenia.<\/span><\/p><p style=\"text-align: left;\" data-start=\"1045\" data-end=\"1300\"><span style=\"font-family: gt-planar-light;\">Dzi\u0119ki do\u015bwiadczeniu zapewniamy pe\u0142n\u0105 <strong>kompatybilno\u015b\u0107 z ponad 200 dost\u0119pnymi systemami<\/strong> i integracj\u0119 z r\u00f3\u017cnorodnymi platformami implantologicznymi \u2013 r\u00f3wnie\u017c tymi o niestandardowych po\u0142\u0105czeniach lub systemach archiwalnych.<\/span><\/p><p data-start=\"1045\" data-end=\"1300\">\u00a0<\/p><p style=\"text-align: left;\" data-start=\"1302\" data-end=\"1336\"><strong><span style=\"font-size: 18px; font-family: gt-planar-regular;\">Technologia i proces cyfrowy<br \/><br \/><\/span><\/strong><span style=\"font-family: gt-planar-light;\">W ImplaLab wdra\u017camy w pe\u0142ni cyfrowy obieg pracy, oparty na zaawansowanej akwizycji danych przestrzennych i precyzyjnych technologiach pomiarowych. Nasze procedury gwarantuj\u0105 najwy\u017csz\u0105 dok\u0142adno\u015b\u0107 i powtarzalno\u015b\u0107 wymiarow\u0105 w ka\u017cdym etapie produkcji.<\/span><\/p><p data-start=\"1302\" data-end=\"1336\">\u00a0<\/p><p style=\"text-align: left;\" data-start=\"1589\" data-end=\"1636\"><strong><span style=\"font-family: gt-planar-regular; font-size: 18px;\">Kluczowe technologie i narz\u0119dzia cyfrowe:<\/span><\/strong><\/p><p style=\"text-align: left; padding-left: 80px;\" data-start=\"1589\" data-end=\"1636\"><span style=\"font-family: gt-planar-light;\"><strong data-start=\"1640\" data-end=\"1674\">+ Skanowanie wewn\u0105trzustne (IOS)<\/strong> \u2013 wykorzystujemy systemy o wysokiej rozdzielczo\u015bci, umo\u017cliwiaj\u0105ce rejestracj\u0119 danych z dok\u0142adno\u015bci\u0105 submikrometrow\u0105. Skanowanie stanowi podstaw\u0119 do projektowania konstrukcji w \u015brodowisku CAD\/CAM oraz do analiz okluzyjnych i estetycznych.<\/span><br data-start=\"1924\" data-end=\"1927\" \/><span style=\"font-family: gt-planar-light;\"><strong>+ Oferujemy r\u00f3wnie\u017c mo\u017cliwo\u015b\u0107 wynajmu skanera wewn\u0105trzustnego z modu\u0142em fotogrametrii,<\/strong> umo\u017cliwiaj\u0105cego precyzyjn\u0105 rejestracj\u0119 pozycji implant\u00f3w bez konieczno\u015bci stosowania klasycznych wycisk\u00f3w. Rozwi\u0105zanie to znacz\u0105co skraca czas pracy, eliminuje b\u0142\u0119dy transferu i zwi\u0119ksza komfort pacjenta.<\/span><\/p><p style=\"text-align: left; padding-left: 80px;\" data-start=\"2256\" data-end=\"2587\"><span style=\"font-family: gt-planar-light;\"><strong data-start=\"2256\" data-end=\"2273\">+ Fotogrametria<\/strong> \u2013 technika pomiarowa oparta na analizie geometrycznej obrazu, pozwalaj\u0105ca na mikrometryczne odwzorowanie po\u0142o\u017cenia implant\u00f3w wzgl\u0119dem siebie. Fotogrametria jest niezast\u0105piona w przypadkach pe\u0142no\u0142ukowych typu All-on-X, zapewniaj\u0105c perfekcyjne dopasowanie konstrukcji oraz eliminuj\u0105c kumulacj\u0119 b\u0142\u0119d\u00f3w pomiarowych.<\/span><\/p><p style=\"text-align: left; padding-left: 80px;\" data-start=\"2591\" data-end=\"2789\"><span style=\"font-family: gt-planar-light;\"><strong data-start=\"2591\" data-end=\"2627\">+ Wyciski cyfrowe i modelowanie 3D<\/strong> \u2013 dane ze skan\u00f3w wewn\u0105trzustnych przetwarzane s\u0105 w modele cyfrowe stanowi\u0105ce baz\u0119 dla projektowania struktur cyrkonowych, tytanowych.<\/span><\/p><p style=\"text-align: left; padding-left: 80px;\" data-start=\"2793\" data-end=\"2987\"><span style=\"font-family: gt-planar-light;\"><strong data-start=\"2793\" data-end=\"2827\">+ Druk 3D i modele weryfikacyjne<\/strong> \u2013 stosujemy addytywne technologie o wysokiej precyzji,\u00a0 \u00a0 \u00a0 \u00a0 umo\u017cliwiaj\u0105ce kontrol\u0119 dopasowania konstrukcji i ocen\u0119 relacji przestrzennych ju\u017c w fazie projektowej.<\/span><\/p><p style=\"text-align: left; padding-left: 80px;\" data-start=\"3280\" data-end=\"3528\">\u00a0<\/p>\t\t\t\t\t\t\t\t<\/div>\n\t\t\t\t<\/div>\n\t\t\t\t<div class=\"elementor-element elementor-element-13f1f2d elementor-widget elementor-widget-spacer\" data-id=\"13f1f2d\" data-element_type=\"widget\" data-e-type=\"widget\" data-widget_type=\"spacer.default\">\n\t\t\t\t<div class=\"elementor-widget-container\">\n\t\t\t\t\t\t\t<div class=\"elementor-spacer\">\n\t\t\t<div class=\"elementor-spacer-inner\"><\/div>\n\t\t<\/div>\n\t\t\t\t\t\t<\/div>\n\t\t\t\t<\/div>\n\t\t\t\t\t<\/div>\n\t\t\t\t<\/div>\n\t\t\t\t<\/div>\n\t\t","protected":false},"excerpt":{"rendered":"<p>OFERTA ImplaLabLaboratorium Implantologiczne dla Profesjonalist\u00f3wW ImplaLab specjalizujemy si\u0119 w zaawansowanych rozwi\u0105zaniach implantoprotetycznych, oferuj\u0105c kompleksowe wsparcie na ka\u017cdym etapie \u2013 od planowania cyfrowego po finaln\u0105 odbudow\u0119. Nasze dzia\u0142ania skupiaj\u0105 si\u0119 na maksymalnej precyzji, stabilno\u015bci i estetyce, kt\u00f3re gwarantuj\u0105 przewidywalne efekty kliniczne. \u00a0 Kompetencje i specjalizacja Nasze laboratorium koncentruje si\u0119 na rekonstrukcjach typu All-on-X, oraz indywidualnie projektowanych &hellip;<\/p>\n","protected":false},"author":1,"featured_media":0,"parent":0,"menu_order":0,"comment_status":"closed","ping_status":"closed","template":"","meta":{"_acf_changed":false,"ngg_post_thumbnail":0,"footnotes":""},"class_list":["post-6736","page","type-page","status-publish","hentry"],"acf":[],"_links":{"self":[{"href":"https:\/\/www.implalab.pl\/index.php?rest_route=\/wp\/v2\/pages\/6736","targetHints":{"allow":["GET"]}}],"collection":[{"href":"https:\/\/www.implalab.pl\/index.php?rest_route=\/wp\/v2\/pages"}],"about":[{"href":"https:\/\/www.implalab.pl\/index.php?rest_route=\/wp\/v2\/types\/page"}],"author":[{"embeddable":true,"href":"https:\/\/www.implalab.pl\/index.php?rest_route=\/wp\/v2\/users\/1"}],"replies":[{"embeddable":true,"href":"https:\/\/www.implalab.pl\/index.php?rest_route=%2Fwp%2Fv2%2Fcomments&post=6736"}],"version-history":[{"count":76,"href":"https:\/\/www.implalab.pl\/index.php?rest_route=\/wp\/v2\/pages\/6736\/revisions"}],"predecessor-version":[{"id":8404,"href":"https:\/\/www.implalab.pl\/index.php?rest_route=\/wp\/v2\/pages\/6736\/revisions\/8404"}],"wp:attachment":[{"href":"https:\/\/www.implalab.pl\/index.php?rest_route=%2Fwp%2Fv2%2Fmedia&parent=6736"}],"curies":[{"name":"wp","href":"https:\/\/api.w.org\/{rel}","templated":true}]}}