{"id":7502,"date":"2025-07-17T09:16:09","date_gmt":"2025-07-17T09:16:09","guid":{"rendered":"https:\/\/www.implalab.pl\/?page_id=7502"},"modified":"2026-03-17T10:31:40","modified_gmt":"2026-03-17T10:31:40","slug":"wynajem-skanera-wewnatrzustnego","status":"publish","type":"page","link":"https:\/\/www.implalab.pl\/?page_id=7502","title":{"rendered":"WYNAJEM SKANERA WEWN\u0104TRZUSTNEGO"},"content":{"rendered":"\t\t<div data-elementor-type=\"wp-page\" data-elementor-id=\"7502\" class=\"elementor elementor-7502\">\n\t\t\t\t<div class=\"elementor-element elementor-element-4f75a8a e-flex e-con-boxed e-con e-parent\" data-id=\"4f75a8a\" data-element_type=\"container\" data-e-type=\"container\" data-settings=\"{&quot;background_background&quot;:&quot;classic&quot;}\">\n\t\t\t\t\t<div class=\"e-con-inner\">\n\t\t<div class=\"elementor-element elementor-element-b6c6445 e-con-full e-flex e-con e-child\" data-id=\"b6c6445\" data-element_type=\"container\" data-e-type=\"container\">\n\t\t\t\t<div class=\"elementor-element elementor-element-378cad6 elementor-widget elementor-widget-spacer\" data-id=\"378cad6\" data-element_type=\"widget\" data-e-type=\"widget\" data-widget_type=\"spacer.default\">\n\t\t\t\t<div class=\"elementor-widget-container\">\n\t\t\t\t\t\t\t<div class=\"elementor-spacer\">\n\t\t\t<div class=\"elementor-spacer-inner\"><\/div>\n\t\t<\/div>\n\t\t\t\t\t\t<\/div>\n\t\t\t\t<\/div>\n\t\t\t\t<\/div>\n\t\t<div class=\"elementor-element elementor-element-a5a7c2b e-con-full e-flex e-con e-child\" data-id=\"a5a7c2b\" data-element_type=\"container\" data-e-type=\"container\">\n\t\t\t\t<\/div>\n\t\t<div class=\"elementor-element elementor-element-4af185b e-con-full e-flex e-con e-child\" data-id=\"4af185b\" data-element_type=\"container\" data-e-type=\"container\">\n\t\t\t\t<\/div>\n\t\t<div class=\"elementor-element elementor-element-d4c3e69 e-con-full e-flex e-con e-child\" data-id=\"d4c3e69\" data-element_type=\"container\" data-e-type=\"container\">\n\t\t\t\t<div class=\"elementor-element elementor-element-cb2baab elementor-widget elementor-widget-spacer\" data-id=\"cb2baab\" data-element_type=\"widget\" data-e-type=\"widget\" data-widget_type=\"spacer.default\">\n\t\t\t\t<div class=\"elementor-widget-container\">\n\t\t\t\t\t\t\t<div class=\"elementor-spacer\">\n\t\t\t<div class=\"elementor-spacer-inner\"><\/div>\n\t\t<\/div>\n\t\t\t\t\t\t<\/div>\n\t\t\t\t<\/div>\n\t\t\t\t<div class=\"elementor-element elementor-element-153fe31 elementor-widget__width-initial elementor-widget elementor-widget-text-editor\" data-id=\"153fe31\" data-element_type=\"widget\" data-e-type=\"widget\" data-widget_type=\"text-editor.default\">\n\t\t\t\t<div class=\"elementor-widget-container\">\n\t\t\t\t\t\t\t\t\t<p><span style=\"font-family: gt-planar-medium; font-size: 36px; color: #000000;\">WYNAJEM SKANERA WEWN\u0104TRZUSTNEGO<\/span><\/p>\t\t\t\t\t\t\t\t<\/div>\n\t\t\t\t<\/div>\n\t\t\t\t<\/div>\n\t\t\t\t\t<\/div>\n\t\t\t\t<\/div>\n\t\t<div class=\"elementor-element elementor-element-ab80902 e-flex e-con-boxed e-con e-parent\" data-id=\"ab80902\" data-element_type=\"container\" data-e-type=\"container\">\n\t\t\t\t\t<div class=\"e-con-inner\">\n\t\t\t\t<div class=\"elementor-element elementor-element-3446182 elementor-widget__width-initial elementor-widget elementor-widget-text-editor\" data-id=\"3446182\" data-element_type=\"widget\" data-e-type=\"widget\" data-widget_type=\"text-editor.default\">\n\t\t\t\t<div class=\"elementor-widget-container\">\n\t\t\t\t\t\t\t\t\t<p style=\"text-align: left;\">\u00a0<\/p><p>\u00a0<\/p><p>\u00a0<\/p><p style=\"text-align: left;\"><strong><span style=\"font-family: gt-planar-regular; font-size: 18px;\">Wynajem skaner\u00f3w wewn\u0105trzustnych i system\u00f3w fotogrametrii<\/span><\/strong><\/p><p>\u00a0<\/p><p style=\"text-align: left;\"><span style=\"font-family: gt-planar-light;\">W ImplaLab zapewniamy kompleksowe wsparcie dla klinik i laboratori\u00f3w, kt\u00f3re chc\u0105 pracowa\u0107 w pe\u0142ni cyfrowo, bez konieczno\u015bci inwestowania w drogi sprz\u0119t.<\/span><br \/><span style=\"font-family: gt-planar-light;\">Oferujemy wynajem najnowocze\u015bniejszych skaner\u00f3w wewn\u0105trzustnych, w tym system\u00f3w z fotogrametri\u0105 wewn\u0105trzustn\u0105, gwarantuj\u0105cych najwy\u017csz\u0105 dok\u0142adno\u015b\u0107 rejestracji danych implantologicznych.<\/span><\/p><p style=\"text-align: left;\"><span style=\"font-family: gt-planar-light;\"><br \/>Nasze urz\u0105dzenia pochodz\u0105 od lider\u00f3w technologii cyfrowej stomatologii \u2013 Shining 3D oraz 3Shape. To sprz\u0119t klasy premium, sprawdzony w najbardziej wymagaj\u0105cych procedurach implantoprotetycznych, w tym All-on-X, pe\u0142no\u0142ukowych i wielopunktowych rekonstrukcjach.<\/span><\/p><p style=\"text-align: left;\"><span style=\"font-family: gt-planar-light;\"><br \/>Dlaczego warto?<\/span><\/p><ul style=\"text-align: left;\" data-start=\"3875\" data-end=\"4311\"><li data-start=\"3875\" data-end=\"3948\"><p data-start=\"3877\" data-end=\"3948\"><span style=\"font-family: gt-planar-light;\">Najwy\u017csza dok\u0142adno\u015b\u0107 pomiarowa dost\u0119pna w implantoprotetyce cyfrowej.<\/span><\/p><\/li><li data-start=\"3949\" data-end=\"4035\"><p data-start=\"3951\" data-end=\"4035\"><span style=\"font-family: gt-planar-light;\">Mo\u017cliwo\u015b\u0107 pracy w pe\u0142nych protoko\u0142ach All-on-X i fotogrametrii multi-unit.<\/span><\/p><\/li><li data-start=\"4036\" data-end=\"4103\"><p data-start=\"4038\" data-end=\"4103\"><span style=\"font-family: gt-planar-light;\">Elastyczny model wsp\u00f3\u0142pracy i brak konieczno\u015bci zakupu sprz\u0119tu.<\/span><\/p><\/li><li data-start=\"4104\" data-end=\"4205\"><p data-start=\"4106\" data-end=\"4205\"><span style=\"font-family: gt-planar-light;\">Integracja danych z laboratorium ImplaLab i natychmiastowe rozpocz\u0119cie projektowania konstrukcji.<\/span><\/p><\/li><li data-start=\"4206\" data-end=\"4311\"><p data-start=\"4208\" data-end=\"4311\"><span style=\"font-family: gt-planar-light;\">Gwarancja jako\u015bci, zgodno\u015bci systemowej i wsparcia merytorycznego przez zesp\u00f3\u0142 specjalist\u00f3w ImplaLab.<\/span><\/p><\/li><\/ul><p style=\"text-align: left;\" data-start=\"4318\" data-end=\"4635\"><span style=\"font-family: gt-planar-light;\">Skontaktuj si\u0119 z nami, aby dobra\u0107 odpowiedni model skanera i konfiguracj\u0119 fotogrametrii dopasowan\u0105 do profilu Twojej praktyki.<\/span><\/p><p style=\"text-align: left;\" data-start=\"4318\" data-end=\"4635\"><br data-start=\"4451\" data-end=\"4454\" \/><br data-start=\"4542\" data-end=\"4545\" \/><span style=\"font-family: gt-planar-light;\"><a class=\"decorated-link cursor-pointer\" href=\"mailto:kontakt@implalab.pl\" rel=\"noopener\" data-start=\"4548\" data-end=\"4567\">kontakt@implalab.pl<\/a><\/span><br data-start=\"4594\" data-end=\"4597\" \/><span style=\"font-family: gt-planar-light;\">+48 730 100 342<\/span><\/p><p class=\"MsoNormal\" style=\"line-height: normal; text-align: left;\">\u00a0<\/p>\t\t\t\t\t\t\t\t<\/div>\n\t\t\t\t<\/div>\n\t\t\t\t<div class=\"elementor-element elementor-element-5189d0e elementor-widget elementor-widget-spacer\" data-id=\"5189d0e\" data-element_type=\"widget\" data-e-type=\"widget\" data-widget_type=\"spacer.default\">\n\t\t\t\t<div class=\"elementor-widget-container\">\n\t\t\t\t\t\t\t<div class=\"elementor-spacer\">\n\t\t\t<div class=\"elementor-spacer-inner\"><\/div>\n\t\t<\/div>\n\t\t\t\t\t\t<\/div>\n\t\t\t\t<\/div>\n\t\t\t\t\t<\/div>\n\t\t\t\t<\/div>\n\t\t\t\t<\/div>\n\t\t","protected":false},"excerpt":{"rendered":"<p>WYNAJEM SKANERA WEWN\u0104TRZUSTNEGO \u00a0 \u00a0 \u00a0 Wynajem skaner\u00f3w wewn\u0105trzustnych i system\u00f3w fotogrametrii \u00a0 W ImplaLab zapewniamy kompleksowe wsparcie dla klinik i laboratori\u00f3w, kt\u00f3re chc\u0105 pracowa\u0107 w pe\u0142ni cyfrowo, bez konieczno\u015bci inwestowania w drogi sprz\u0119t.Oferujemy wynajem najnowocze\u015bniejszych skaner\u00f3w wewn\u0105trzustnych, w tym system\u00f3w z fotogrametri\u0105 wewn\u0105trzustn\u0105, gwarantuj\u0105cych najwy\u017csz\u0105 dok\u0142adno\u015b\u0107 rejestracji danych implantologicznych. Nasze urz\u0105dzenia pochodz\u0105 od lider\u00f3w &hellip;<\/p>\n","protected":false},"author":2,"featured_media":0,"parent":0,"menu_order":0,"comment_status":"closed","ping_status":"closed","template":"","meta":{"_acf_changed":false,"ngg_post_thumbnail":0,"footnotes":""},"class_list":["post-7502","page","type-page","status-publish","hentry"],"acf":[],"_links":{"self":[{"href":"https:\/\/www.implalab.pl\/index.php?rest_route=\/wp\/v2\/pages\/7502","targetHints":{"allow":["GET"]}}],"collection":[{"href":"https:\/\/www.implalab.pl\/index.php?rest_route=\/wp\/v2\/pages"}],"about":[{"href":"https:\/\/www.implalab.pl\/index.php?rest_route=\/wp\/v2\/types\/page"}],"author":[{"embeddable":true,"href":"https:\/\/www.implalab.pl\/index.php?rest_route=\/wp\/v2\/users\/2"}],"replies":[{"embeddable":true,"href":"https:\/\/www.implalab.pl\/index.php?rest_route=%2Fwp%2Fv2%2Fcomments&post=7502"}],"version-history":[{"count":39,"href":"https:\/\/www.implalab.pl\/index.php?rest_route=\/wp\/v2\/pages\/7502\/revisions"}],"predecessor-version":[{"id":8420,"href":"https:\/\/www.implalab.pl\/index.php?rest_route=\/wp\/v2\/pages\/7502\/revisions\/8420"}],"wp:attachment":[{"href":"https:\/\/www.implalab.pl\/index.php?rest_route=%2Fwp%2Fv2%2Fmedia&parent=7502"}],"curies":[{"name":"wp","href":"https:\/\/api.w.org\/{rel}","templated":true}]}}